{"id":3279,"date":"2022-11-21T18:06:54","date_gmt":"2022-11-21T17:06:54","guid":{"rendered":"http:\/\/www.g-v.fr\/?page_id=3279\/"},"modified":"2026-04-10T16:53:01","modified_gmt":"2026-04-10T14:53:01","slug":"gisele-vienne","status":"publish","type":"page","link":"http:\/\/www.g-v.fr\/fr\/gisele-vienne\/","title":{"rendered":"Gisele Vienne"},"content":{"rendered":"<p style=\"text-align: center;\">Gis\u00e8le Vienne est une artiste, chor\u00e9graphe et metteure en sc\u00e8ne franco-autrichienne. Apr\u00e8s des \u00e9tudes de philosophie et de musique, elle se forme \u00e0 l\u2019Ecole Sup\u00e9rieure Nationale des Arts de la Marionnette.<\/p>\n<p style=\"text-align: center;\">Depuis 20 ans, ses mises en sc\u00e8nes et chor\u00e9graphies\u00a0tournent\u00a0en Europe et sont pr\u00e9sent\u00e9es r\u00e9guli\u00e8rement en Asie et en Am\u00e9rique, parmi lesquelles\u00a0:\u00a0Showroomdummies #1, #2, #3, #4, (2001 \u2013 2020),\u00a0<em>I Apologize\u00a0<\/em>(2004),<em>\u00a0Kindertotenlieder<\/em>\u00a0(2007),\u00a0<em>Jerk\u00a0<\/em>(2008),\u00a0<em>This is how you will disappear<\/em>\u00a0(2010),<em>\u00a0LAST SPRING\u00a0: A Prequel\u00a0<\/em>(2011),<em>\u00a0The Pyre\u00a0<\/em>(2013),\u00a0<em>The Ventriloquists Convention<\/em>\u00a0(2015),\u00a0<em>Crowd\u00a0<\/em>(2017),\u00a0<em>L\u2019Etang<\/em>\u00a0(2020) et\u00a0<em>EXTRA LIFE<\/em>\u00a0(2023). En 2021 elle r\u00e9alise le film\u00a0<em>Jerk\u00a0<\/em>et en 2024\u00a0<em>Kerstin Kraus.<\/em><\/p>\n<p style=\"text-align: center;\">Gis\u00e8le Vienne expose r\u00e9guli\u00e8rement ses photographies et installations dans des mus\u00e9es dont le Whitney Museum de New York, le Centre Pompidou, au Museo Nacional de Bellas Artes de Buenos Aires, Le Centre d\u2019art Contemporain de Gen\u00e8ve, Le Mus\u00e9e d\u2019Art Moderne de Paris. En 2024\/2025, elle pr\u00e9sente deux nouvelles expositions pour le centre d\u2019art contemporain Haus am Waldsee et pour le Georg Kolbe Museum, inaugur\u00e9es dans le cadre de la Berlin Art Week 2024.<\/p>\n<p style=\"text-align: center;\">Elle a publi\u00e9 plusieurs livres dont\u00a0<em>This consciousness to Fracture,<\/em> nouveau livre de photographies de ses \u0153uvres con\u00e7u en collaboration avec Estelle Hanania et Elsa Dorlin, publi\u00e9 chez Spector Books \u00e0 l\u2019automne 24. Son travail a fait l\u2019objet de plusieurs publications et les musiques originales de ses pi\u00e8ces de plusieurs albums.<\/p>\n","protected":false},"excerpt":{"rendered":"<p>Gis\u00e8le Vienne est une artiste, chor\u00e9graphe et metteure en sc\u00e8ne franco-autrichienne. Apr\u00e8s des \u00e9tudes de philosophie et de musique, elle se forme \u00e0 l\u2019Ecole Sup\u00e9rieure Nationale des Arts de la Marionnette. Depuis 20 ans, ses mises en sc\u00e8nes et chor\u00e9graphies\u00a0tournent\u00a0en Europe et sont pr\u00e9sent\u00e9es r\u00e9guli\u00e8rement en Asie et en Am\u00e9rique, parmi lesquelles\u00a0:\u00a0Showroomdummies #1, #2, #3, [&hellip;]<\/p>\n","protected":false},"author":6,"featured_media":0,"parent":0,"menu_order":0,"comment_status":"closed","ping_status":"closed","template":"gisele-vienne.php","meta":{"_acf_changed":false,"footnotes":""},"class_list":["post-3279","page","type-page","status-publish","hentry"],"acf":[],"_links":{"self":[{"href":"http:\/\/www.g-v.fr\/fr\/wp-json\/wp\/v2\/pages\/3279","targetHints":{"allow":["GET"]}}],"collection":[{"href":"http:\/\/www.g-v.fr\/fr\/wp-json\/wp\/v2\/pages"}],"about":[{"href":"http:\/\/www.g-v.fr\/fr\/wp-json\/wp\/v2\/types\/page"}],"author":[{"embeddable":true,"href":"http:\/\/www.g-v.fr\/fr\/wp-json\/wp\/v2\/users\/6"}],"replies":[{"embeddable":true,"href":"http:\/\/www.g-v.fr\/fr\/wp-json\/wp\/v2\/comments?post=3279"}],"version-history":[{"count":46,"href":"http:\/\/www.g-v.fr\/fr\/wp-json\/wp\/v2\/pages\/3279\/revisions"}],"predecessor-version":[{"id":4916,"href":"http:\/\/www.g-v.fr\/fr\/wp-json\/wp\/v2\/pages\/3279\/revisions\/4916"}],"wp:attachment":[{"href":"http:\/\/www.g-v.fr\/fr\/wp-json\/wp\/v2\/media?parent=3279"}],"curies":[{"name":"wp","href":"https:\/\/api.w.org\/{rel}","templated":true}]}}